{"id":397,"date":"2021-12-20T19:09:27","date_gmt":"2021-12-20T19:09:27","guid":{"rendered":"https:\/\/hospedariasantamaria.pt\/home\/"},"modified":"2021-12-20T19:31:00","modified_gmt":"2021-12-20T19:31:00","slug":"home","status":"publish","type":"page","link":"https:\/\/hospedariasantamaria.pt\/es\/","title":{"rendered":"home"},"content":{"rendered":"<div class=\"wpb-content-wrapper\"><p>[vc_row type=\u00bbvc_default\u00bb equal_height=\u00bbyes\u00bb css=\u00bb.vc_custom_1639137394644{margin-bottom: 80px !important;}\u00bb][vc_column parallax=\u00bbcontent-moving\u00bb parallax_image=\u00bb114&#8243; width=\u00bb1\/2&#8243; offset=\u00bbvc_hidden-xs\u00bb][\/vc_column][vc_column width=\u00bb1\/2&#8243; css=\u00bb.vc_custom_1638816290601{background-color: #ffffff !important;}\u00bb][vc_column_text el_class=\u00bbhomeTxt\u00bb]<\/p>\n<h3 style=\"text-align: center;\">HOSTAL SANTA MARIA<\/h3>\n<p>HOSTAL SANTA MARIA ha estado operando en Beja desde 1961 justo en el coraz\u00f3n del centro hist\u00f3rico de la ciudad junto a la Iglesia de Santa Mar\u00eda.<\/p>\n<p>Una empresa familiar que ha pasado de generaci\u00f3n en generaci\u00f3n tiene como objetivo proporcionar una buena soluci\u00f3n de alojamiento para aquellos que visitan la capital del Bajo Alentejo, ya sea por trabajo o por ocio.<\/p>\n<p>Cerca de todo lo esencial, el Hostal Santa Mar\u00eda es la soluci\u00f3n ideal para aquellos que prefieren un ambiente relajado y estilo albergue. La Posada est\u00e1 instalada en un edificio centenario donde destaca su arquitectura con un jard\u00edn en su interior (p\u00e1teo) y una fachada de azulejos pintados a mano.[\/vc_column_text]<div class=\" ubtn-ctn-center \"><a class=\"ubtn-link ult-adjust-bottom-margin ubtn-center ubtn-normal \" href=\"https:\/\/hospedariasantamaria.pt\/es\/habitaciones\/\" title=\"Quartos\" ><button type=\"button\" id=\"ubtn-6658\"  class=\"ubtn ult-adjust-bottom-margin ult-responsive ubtn-normal ubtn-fade-bg  ulta-hover  ubtn-center   tooltip-69e1f78f805c6\"  data-hover=\"#7d466a\" data-border-color=\"#7d466a\" data-bg=\"#7d466a\" data-hover-bg=\"#ffffff\" data-border-hover=\"#7d466a\" data-shadow-hover=\"\" data-shadow-click=\"none\" data-shadow=\"\" data-shd-shadow=\"\"  data-ultimate-target='#ubtn-6658'  data-responsive-json-new='{\"font-size\":\"\",\"line-height\":\"\"}'  style=\"font-weight:normal;border-radius:4px;border-width:1px;border-color:#7d466a;border-style:solid;background: #7d466a;color: #ffffff;\"><span class=\"ubtn-hover\" style=\"background-color:#ffffff\"><\/span><span class=\"ubtn-data ubtn-text \" >SABER M\u00c1S<\/span><\/button><\/a><\/div>[\/vc_column][\/vc_row][vc_row type=\u00bbvc_default\u00bb full_width=\u00bbstretch_row_content_no_spaces\u00bb full_height=\u00bbyes\u00bb equal_height=\u00bbyes\u00bb][vc_column width=\u00bb1\/2&#8243;][vc_single_image image=\u00bb401&#8243; img_size=\u00bbfull\u00bb alignment=\u00bbcenter\u00bb onclick=\u00bbcustom_link\u00bb css=\u00bb.vc_custom_1640027617906{margin-top: 0px !important;margin-right: 0px !important;margin-bottom: 0px !important;margin-left: 0px !important;padding-top: 0px !important;padding-right: 0px !important;padding-bottom: 0px !important;padding-left: 0px !important;}\u00bb link=\u00bbhttps:\/\/hospedariasantamaria.pt\/es\/galeria-de-fotos\/\u00bb][\/vc_column][vc_column width=\u00bb1\/2&#8243;][vc_single_image image=\u00bb404&#8243; img_size=\u00bbfull\u00bb alignment=\u00bbcenter\u00bb onclick=\u00bbcustom_link\u00bb link=\u00bbhttps:\/\/hospedariasantamaria.pt\/es\/servicios\/\u00bb][\/vc_column][\/vc_row][vc_row][vc_column]<div class=\"ult-spacer spacer-69e1f78f80739\" data-id=\"69e1f78f80739\" data-height=\"60\" data-height-mobile=\"15\" data-height-tab=\"20\" data-height-tab-portrait=\"20\" data-height-mobile-landscape=\"15\" style=\"clear:both;display:block;\"><\/div>[\/vc_column][\/vc_row][vc_row type=\u00bbvc_default\u00bb content_placement=\u00bbmiddle\u00bb css_animation=\u00bbfadeInDown\u00bb css=\u00bb.vc_custom_1639142890313{background-color: #7d466a !important;}\u00bb][vc_column][vc_column_text]<\/p>\n<p style=\"text-align: center;\"><span style=\"color: #ffffff;\">Quiere hacer una reserva u obtener una cotizaci\u00f3n? Complete el formulario a tal efecto en nuestra p\u00e1gina de contacto. Gracias!<\/span><\/p>\n<p>[\/vc_column_text]<div class=\" ubtn-ctn-center \"><a class=\"ubtn-link ult-adjust-bottom-margin ubtn-center ubtn-normal \" href=\"https:\/\/hospedariasantamaria.pt\/es\/contactos\/\" title=\"Contactos\" ><button type=\"button\" id=\"ubtn-6565\"  class=\"ubtn ult-adjust-bottom-margin ult-responsive ubtn-normal ubtn-fade-bg  ulta-hover  ubtn-center   tooltip-69e1f78f8079a\"  data-hover=\"#7d466a\" data-border-color=\"#ffffff\" data-bg=\"\" data-hover-bg=\"#ffffff\" data-border-hover=\"\" data-shadow-hover=\"\" data-shadow-click=\"none\" data-shadow=\"\" data-shd-shadow=\"\"  data-ultimate-target='#ubtn-6565'  data-responsive-json-new='{\"font-size\":\"\",\"line-height\":\"\"}'  style=\"font-weight:normal;border-radius:4px;border-width:1px;border-color:#ffffff;border-style:solid;color: #ffffff;\"><span class=\"ubtn-hover\" style=\"background-color:#ffffff\"><\/span><span class=\"ubtn-data ubtn-text \" >CONTACTOS<\/span><\/button><\/a><\/div>[\/vc_column][\/vc_row][vc_row][vc_column]<div class=\"ult-spacer spacer-69e1f78f80870\" data-id=\"69e1f78f80870\" data-height=\"60\" data-height-mobile=\"15\" data-height-tab=\"20\" data-height-tab-portrait=\"20\" data-height-mobile-landscape=\"15\" style=\"clear:both;display:block;\"><\/div>[\/vc_column][\/vc_row]<\/p>\n<\/div>","protected":false},"excerpt":{"rendered":"<p>[vc_row type=\u00bbvc_default\u00bb equal_height=\u00bbyes\u00bb css=\u00bb.vc_custom_1639137394644{margin-bottom: 80px !important;}\u00bb][vc_column parallax=\u00bbcontent-moving\u00bb parallax_image=\u00bb114&#8243; width=\u00bb1\/2&#8243; offset=\u00bbvc_hidden-xs\u00bb][\/vc_column][vc_column width=\u00bb1\/2&#8243; css=\u00bb.vc_custom_1638816290601{background-color: #ffffff !important;}\u00bb][vc_column_text el_class=\u00bbhomeTxt\u00bb] HOSTAL SANTA MARIA HOSTAL SANTA MARIA ha estado operando en Beja desde 1961 justo en el coraz\u00f3n del centro hist\u00f3rico de la ciudad junto a la Iglesia de Santa Mar\u00eda. Una empresa familiar que ha pasado de generaci\u00f3n en generaci\u00f3n&hellip;<\/p>\n","protected":false},"author":1,"featured_media":0,"parent":0,"menu_order":0,"comment_status":"closed","ping_status":"closed","template":"","meta":{"footnotes":""},"class_list":["post-397","page","type-page","status-publish","hentry","description-off"],"yoast_head":"<!-- This site is optimized with the Yoast SEO plugin v27.0 - https:\/\/yoast.com\/product\/yoast-seo-wordpress\/ -->\n<title>home - Hospedaria de Santa Maria em Beja<\/title>\n<meta name=\"description\" content=\"Cerca de todo lo esencial, el Hostal Santa Mar\u00eda es la soluci\u00f3n ideal para aquellos que prefieren un ambiente relajado y estilo albergue.\" \/>\n<meta name=\"robots\" content=\"index, follow, max-snippet:-1, max-image-preview:large, max-video-preview:-1\" \/>\n<link rel=\"canonical\" href=\"https:\/\/hospedariasantamaria.pt\/es\/\" \/>\n<meta property=\"og:locale\" content=\"es_ES\" \/>\n<meta property=\"og:type\" content=\"article\" \/>\n<meta property=\"og:title\" content=\"home - Hospedaria de Santa Maria em Beja\" \/>\n<meta property=\"og:description\" content=\"Cerca de todo lo esencial, el Hostal Santa Mar\u00eda es la soluci\u00f3n ideal para aquellos que prefieren un ambiente relajado y estilo albergue.\" \/>\n<meta property=\"og:url\" content=\"https:\/\/hospedariasantamaria.pt\/es\/\" \/>\n<meta property=\"og:site_name\" content=\"Hospedaria de Santa Maria em Beja\" \/>\n<meta property=\"article:modified_time\" content=\"2021-12-20T19:31:00+00:00\" \/>\n<meta name=\"twitter:card\" content=\"summary_large_image\" \/>\n<meta name=\"twitter:label1\" content=\"Tiempo de lectura\" \/>\n\t<meta name=\"twitter:data1\" content=\"3 minutos\" \/>\n<script type=\"application\/ld+json\" class=\"yoast-schema-graph\">{\"@context\":\"https:\/\/schema.org\",\"@graph\":[{\"@type\":\"WebPage\",\"@id\":\"https:\/\/hospedariasantamaria.pt\/es\/\",\"url\":\"https:\/\/hospedariasantamaria.pt\/es\/\",\"name\":\"home - Hospedaria de Santa Maria em Beja\",\"isPartOf\":{\"@id\":\"https:\/\/hospedariasantamaria.pt\/es\/#website\"},\"datePublished\":\"2021-12-20T19:09:27+00:00\",\"dateModified\":\"2021-12-20T19:31:00+00:00\",\"description\":\"Cerca de todo lo esencial, el Hostal Santa Mar\u00eda es la soluci\u00f3n ideal para aquellos que prefieren un ambiente relajado y estilo albergue.\",\"breadcrumb\":{\"@id\":\"https:\/\/hospedariasantamaria.pt\/es\/#breadcrumb\"},\"inLanguage\":\"es\",\"potentialAction\":[{\"@type\":\"ReadAction\",\"target\":[\"https:\/\/hospedariasantamaria.pt\/es\/\"]}]},{\"@type\":\"BreadcrumbList\",\"@id\":\"https:\/\/hospedariasantamaria.pt\/es\/#breadcrumb\",\"itemListElement\":[{\"@type\":\"ListItem\",\"position\":1,\"name\":\"In\u00edcio\",\"item\":\"https:\/\/hospedariasantamaria.pt\/es\/\"},{\"@type\":\"ListItem\",\"position\":2,\"name\":\"home\"}]},{\"@type\":\"WebSite\",\"@id\":\"https:\/\/hospedariasantamaria.pt\/es\/#website\",\"url\":\"https:\/\/hospedariasantamaria.pt\/es\/\",\"name\":\"Hospedaria de Santa Maria em Beja\",\"description\":\"Hospedaria de Santa Maria em Beja\",\"potentialAction\":[{\"@type\":\"SearchAction\",\"target\":{\"@type\":\"EntryPoint\",\"urlTemplate\":\"https:\/\/hospedariasantamaria.pt\/es\/?s={search_term_string}\"},\"query-input\":{\"@type\":\"PropertyValueSpecification\",\"valueRequired\":true,\"valueName\":\"search_term_string\"}}],\"inLanguage\":\"es\"}]}<\/script>\n<!-- \/ Yoast SEO plugin. -->","yoast_head_json":{"title":"home - Hospedaria de Santa Maria em Beja","description":"Cerca de todo lo esencial, el Hostal Santa Mar\u00eda es la soluci\u00f3n ideal para aquellos que prefieren un ambiente relajado y estilo albergue.","robots":{"index":"index","follow":"follow","max-snippet":"max-snippet:-1","max-image-preview":"max-image-preview:large","max-video-preview":"max-video-preview:-1"},"canonical":"https:\/\/hospedariasantamaria.pt\/es\/","og_locale":"es_ES","og_type":"article","og_title":"home - Hospedaria de Santa Maria em Beja","og_description":"Cerca de todo lo esencial, el Hostal Santa Mar\u00eda es la soluci\u00f3n ideal para aquellos que prefieren un ambiente relajado y estilo albergue.","og_url":"https:\/\/hospedariasantamaria.pt\/es\/","og_site_name":"Hospedaria de Santa Maria em Beja","article_modified_time":"2021-12-20T19:31:00+00:00","twitter_card":"summary_large_image","twitter_misc":{"Tiempo de lectura":"3 minutos"},"schema":{"@context":"https:\/\/schema.org","@graph":[{"@type":"WebPage","@id":"https:\/\/hospedariasantamaria.pt\/es\/","url":"https:\/\/hospedariasantamaria.pt\/es\/","name":"home - Hospedaria de Santa Maria em Beja","isPartOf":{"@id":"https:\/\/hospedariasantamaria.pt\/es\/#website"},"datePublished":"2021-12-20T19:09:27+00:00","dateModified":"2021-12-20T19:31:00+00:00","description":"Cerca de todo lo esencial, el Hostal Santa Mar\u00eda es la soluci\u00f3n ideal para aquellos que prefieren un ambiente relajado y estilo albergue.","breadcrumb":{"@id":"https:\/\/hospedariasantamaria.pt\/es\/#breadcrumb"},"inLanguage":"es","potentialAction":[{"@type":"ReadAction","target":["https:\/\/hospedariasantamaria.pt\/es\/"]}]},{"@type":"BreadcrumbList","@id":"https:\/\/hospedariasantamaria.pt\/es\/#breadcrumb","itemListElement":[{"@type":"ListItem","position":1,"name":"In\u00edcio","item":"https:\/\/hospedariasantamaria.pt\/es\/"},{"@type":"ListItem","position":2,"name":"home"}]},{"@type":"WebSite","@id":"https:\/\/hospedariasantamaria.pt\/es\/#website","url":"https:\/\/hospedariasantamaria.pt\/es\/","name":"Hospedaria de Santa Maria em Beja","description":"Hospedaria de Santa Maria em Beja","potentialAction":[{"@type":"SearchAction","target":{"@type":"EntryPoint","urlTemplate":"https:\/\/hospedariasantamaria.pt\/es\/?s={search_term_string}"},"query-input":{"@type":"PropertyValueSpecification","valueRequired":true,"valueName":"search_term_string"}}],"inLanguage":"es"}]}},"_links":{"self":[{"href":"https:\/\/hospedariasantamaria.pt\/es\/wp-json\/wp\/v2\/pages\/397","targetHints":{"allow":["GET"]}}],"collection":[{"href":"https:\/\/hospedariasantamaria.pt\/es\/wp-json\/wp\/v2\/pages"}],"about":[{"href":"https:\/\/hospedariasantamaria.pt\/es\/wp-json\/wp\/v2\/types\/page"}],"author":[{"embeddable":true,"href":"https:\/\/hospedariasantamaria.pt\/es\/wp-json\/wp\/v2\/users\/1"}],"replies":[{"embeddable":true,"href":"https:\/\/hospedariasantamaria.pt\/es\/wp-json\/wp\/v2\/comments?post=397"}],"version-history":[{"count":5,"href":"https:\/\/hospedariasantamaria.pt\/es\/wp-json\/wp\/v2\/pages\/397\/revisions"}],"predecessor-version":[{"id":407,"href":"https:\/\/hospedariasantamaria.pt\/es\/wp-json\/wp\/v2\/pages\/397\/revisions\/407"}],"wp:attachment":[{"href":"https:\/\/hospedariasantamaria.pt\/es\/wp-json\/wp\/v2\/media?parent=397"}],"curies":[{"name":"wp","href":"https:\/\/api.w.org\/{rel}","templated":true}]}}